{"id":2,"date":"2021-12-22T16:05:55","date_gmt":"2021-12-22T13:05:55","guid":{"rendered":"http:\/\/velliw.com\/?page_id=2"},"modified":"2021-12-26T13:57:26","modified_gmt":"2021-12-26T10:57:26","slug":"ornek-sayfa","status":"publish","type":"page","link":"https:\/\/velliw.com\/","title":{"rendered":"Anasayfa"},"content":{"rendered":"<style>\/*! elementor - v3.5.2 - 22-12-2021 *\/\n.elementor-heading-title{padding:0;margin:0;line-height:1}.elementor-widget-heading .elementor-heading-title[class*=elementor-size-]>a{color:inherit;font-size:inherit;line-height:inherit}.elementor-widget-heading .elementor-heading-title.elementor-size-small{font-size:15px}.elementor-widget-heading .elementor-heading-title.elementor-size-medium{font-size:19px}.elementor-widget-heading .elementor-heading-title.elementor-size-large{font-size:29px}.elementor-widget-heading .elementor-heading-title.elementor-size-xl{font-size:39px}.elementor-widget-heading .elementor-heading-title.elementor-size-xxl{font-size:59px}<\/style>\n<h4>Hayat\u0131 Kolayla\u015ft\u0131ran<\/h4>\n<h4>\u0130novatif \u00dcr\u00fcnler<\/h4>\n<p>T\u00fcm \u00fcr\u00fcnlerimize indirim f\u0131rsatlar\u0131 ile beraber a\u015fa\u011f\u0131daki ma\u011fazalar\u0131m\u0131zdan ula\u015fabilirsiniz.<\/p>\n<style>\/*! elementor-pro - v3.5.2 - 28-11-2021 *\/\n.e-lottie__container{display:inline-block;max-width:var(--lottie-container-max-width);width:var(--lottie-container-width);opacity:var(--lottie-container-opacity)}.e-lottie__container:hover{opacity:var(--lottie-container-opacity-hover);-webkit-transition-duration:var(--lottie-container-transition-duration-hover);-o-transition-duration:var(--lottie-container-transition-duration-hover);transition-duration:var(--lottie-container-transition-duration-hover)}.e-lottie__container svg,.e-lottie__container svg *{-webkit-transition:none!important;-o-transition:none!important;transition:none!important}.e-lottie__caption{color:var(--caption-color);margin-top:var(--caption-margin-top);text-align:var(--caption-text-align)}<\/style>\n","protected":false},"excerpt":{"rendered":"<p>Hayat\u0131 Kolayla\u015ft\u0131ran \u0130novatif \u00dcr\u00fcnler T\u00fcm \u00fcr\u00fcnlerimize indirim f\u0131rsatlar\u0131 ile beraber a\u015fa\u011f\u0131daki ma\u011fazalar\u0131m\u0131zdan ula\u015fabilirsiniz.<\/p>\n","protected":false},"author":1,"featured_media":0,"parent":0,"menu_order":0,"comment_status":"closed","ping_status":"open","template":"","meta":{"footnotes":""},"class_list":["post-2","page","type-page","status-publish","hentry"],"_links":{"self":[{"href":"https:\/\/velliw.com\/index.php\/wp-json\/wp\/v2\/pages\/2","targetHints":{"allow":["GET"]}}],"collection":[{"href":"https:\/\/velliw.com\/index.php\/wp-json\/wp\/v2\/pages"}],"about":[{"href":"https:\/\/velliw.com\/index.php\/wp-json\/wp\/v2\/types\/page"}],"author":[{"embeddable":true,"href":"https:\/\/velliw.com\/index.php\/wp-json\/wp\/v2\/users\/1"}],"replies":[{"embeddable":true,"href":"https:\/\/velliw.com\/index.php\/wp-json\/wp\/v2\/comments?post=2"}],"version-history":[{"count":52,"href":"https:\/\/velliw.com\/index.php\/wp-json\/wp\/v2\/pages\/2\/revisions"}],"predecessor-version":[{"id":186,"href":"https:\/\/velliw.com\/index.php\/wp-json\/wp\/v2\/pages\/2\/revisions\/186"}],"wp:attachment":[{"href":"https:\/\/velliw.com\/index.php\/wp-json\/wp\/v2\/media?parent=2"}],"curies":[{"name":"wp","href":"https:\/\/api.w.org\/{rel}","templated":true}]}}